{"id":718,"date":"2021-04-27T22:20:42","date_gmt":"2021-04-27T22:20:42","guid":{"rendered":"https:\/\/theflamingohiker.com\/?page_id=718"},"modified":"2021-04-27T22:20:42","modified_gmt":"2021-04-27T22:20:42","slug":"affiliate-disclosure","status":"publish","type":"page","link":"https:\/\/theflamingohiker.com\/fr\/affiliate-disclosure\/","title":{"rendered":"Divulgation de l'affiliation"},"content":{"rendered":"<p style=\"text-align: justify;\">En 2015, le <strong><u><a href=\"https:\/\/www.ftc.gov\/tips-advice\/business-center\/guidance\/ftcs-endorsement-guides-what-people-are-asking\" target=\"_blank\" rel=\"noopener\">La Commission f\u00e9d\u00e9rale du commerce a publi\u00e9 ses nouvelles r\u00e8gles en mati\u00e8re de divulgation d'informations.<\/a><\/u><\/strong><a href=\"http:\/\/www.business.ftc.gov\/sites\/default\/files\/pdf\/bus41-dot-com-disclosures-information-about-online-advertising.pdf\" target=\"_blank\" rel=\"noopener\">. <\/a>Ces r\u00e8gles sont mises en place pour garantir que les lecteurs ou les spectateurs des m\u00e9dias web (blogs, vid\u00e9os Youtube, etc.) sachent si le blogueur\/pr\u00e9sentateur est sponsoris\u00e9, approuv\u00e9 ou partenaire d'une autre entreprise. En termes de blog, les lecteurs doivent savoir si le blogueur gagne de l'argent en partageant un lien ou un produit.<\/p>\n<p style=\"text-align: justify;\">Conform\u00e9ment aux directives de la FTC, veuillez tenir compte de ce qui suit \u00e0 propos des liens et des articles publi\u00e9s sur ce site : Tous les liens www.theflamingo.com sont des liens affili\u00e9s pour lesquels je re\u00e7ois une petite compensation sur les ventes de certains articles.<\/p>\n<p><strong>Qu'est-ce qu'un lien d'affiliation ?<\/strong><\/p>\n<p style=\"text-align: justify;\">Les achats sont effectu\u00e9s sur des sites web d'entreprises affili\u00e9es externes : Lorsqu'un lecteur clique sur un lien d'affiliation situ\u00e9 sur .com pour acheter un article, il ach\u00e8te l'article directement au vendeur (et non \u00e0 www.theflamingohiker.com). Amazon et\/ou d'autres soci\u00e9t\u00e9s versent \u00e0 www.theflamingohiker.com une petite commission ou une autre compensation pour la promotion de leur site web ou de leurs produits par le biais de leur programme d'affiliation.<\/p>\n<p><strong>Les prix sont exactement les m\u00eames pour vous, que votre achat passe par un lien affili\u00e9 ou un lien non affili\u00e9. Vous ne paierez pas plus cher en cliquant sur le lien. <\/strong><\/p>\n<p>J'utilise deux types principaux de programmes d'affiliation :<\/p>\n<p><strong>1. <u>Liens d'affiliation Amazon.<\/u><br \/>\n<\/strong><br \/>\nwww.theflamingohiker.com participe au Amazon Services LLC Associates Program, un programme de publicit\u00e9 affili\u00e9e con\u00e7u pour permettre aux sites de gagner des commissions publicitaires en faisant de la publicit\u00e9 et en cr\u00e9ant des liens vers les propri\u00e9t\u00e9s d'Amazon, y compris, mais sans s'y limiter, amazon.com. Amazon offre une petite commission sur les produits vendus par l'interm\u00e9diaire de ses liens d'affiliation.<\/p>\n<p>Si un blogueur \u00e9tablit un lien vers un produit Amazon (avec un code sp\u00e9cial pour les affili\u00e9s int\u00e9gr\u00e9 dans le lien) et qu'un lecteur place un article dans son \"panier\" gr\u00e2ce \u00e0 ce lien dans les 24 heures suivant le clic sur le lien, le blogueur re\u00e7oit un petit pourcentage de la vente. Les liens Amazon ne sont pas r\u00e9mun\u00e9r\u00e9s au clic. Si vous cliquez sur le lien du produit, que vous restez sur Amazon et que vous achetez quelque chose d'autre, je recevrai une commission sur cette vente.<\/p>\n<p style=\"text-align: justify;\">Chaque fois que vous voyez un lien qui ressemble \u00e0 astore.com\/... ou amazon.com... on peut supposer qu'il s'agit d'un lien d'affiliation Amazon.<\/p>\n<p style=\"text-align: justify;\">\n<strong>2. <u>Liens d'affiliation.<\/u> <\/strong><br \/>\nCes liens d'affiliation fonctionnent de la m\u00eame mani\u00e8re : si vous cliquez sur le lien et achetez le produit, le blogueur per\u00e7oit un pourcentage de la vente ou un autre type de r\u00e9mun\u00e9ration. Les produits tels que les livres \u00e9lectroniques, les cours en ligne et les forfaits en ligne sont g\u00e9n\u00e9ralement des liens d'affiliation. L\u00e0 encore, les prix ne changent pas si vous utilisez ces liens d'affiliation. En revanche, vous <u>pas<\/u> payer davantage en cliquant sur le lien. Ces liens ne sont pas \"payants\", sauf indication contraire.<\/p>\n<p><u><strong>Qu'en est-il du contenu sponsoris\u00e9 ?<\/strong><br \/>\n<\/u><br \/>\nJe n'\u00e9cris pas d'articles sponsoris\u00e9s. Je veux vous apporter des informations r\u00e9elles et impartiales. Toutefois, si un article est parrain\u00e9 par une entreprise et qu'il s'agit d'un parrainage r\u00e9mun\u00e9r\u00e9, je l'indiquerai clairement au d\u00e9but de l'article.<\/p>\n<p><a href=\"\/\/www.pinterest.com\/pin\/create\/button\/\" data-pin-do=\"buttonBookmark\" data-pin-color=\"red\" data-pin-height=\"128\"><img data-recalc-dims=\"1\" decoding=\"async\" src=\"https:\/\/i0.wp.com\/assets.pinterest.com\/images\/pidgets\/pinit_fg_en_rect_red_28.png\" \/><\/a><\/p>","protected":false},"excerpt":{"rendered":"<p>In 2015, the Federal Trade Commission released their new rules for Disclosure Compliance. These rules are set in place to ensure that readers or viewers of web media (blogs, Youtube videos, etc.) know if the blogger\/presenter is sponsored, endorsed, or partnered with a different company. In blog terms, the readers need to know if the [&hellip;]<\/p>\n","protected":false},"author":1,"featured_media":0,"parent":0,"menu_order":0,"comment_status":"closed","ping_status":"closed","template":"","meta":{"nf_dc_page":"","wprm-recipe-roundup-name":"","wprm-recipe-roundup-description":"","_genesis_hide_title":false,"_genesis_hide_breadcrumbs":false,"_genesis_hide_singular_image":false,"_genesis_hide_footer_widgets":false,"_genesis_custom_body_class":"","_genesis_custom_post_class":"","_genesis_layout":"","footnotes":""},"class_list":["post-718","page","type-page","status-publish","entry"],"yoast_head":"<!-- This site is optimized with the Yoast SEO Premium plugin v27.6 (Yoast SEO v27.6) - https:\/\/yoast.com\/product\/yoast-seo-premium-wordpress\/ -->\n<title>Affiliate Disclosure - The Flamingo Hiker<\/title>\n<meta name=\"description\" content=\"In 2015, the Federal Trade Commission released their new rules for Disclosure Compliance. These rules are set in place to ensure that readers or viewers\" \/>\n<meta name=\"robots\" content=\"index, follow, max-snippet:-1, max-image-preview:large, max-video-preview:-1\" \/>\n<link rel=\"canonical\" href=\"https:\/\/theflamingohiker.com\/fr\/affiliate-disclosure\/\" \/>\n<meta property=\"og:locale\" content=\"fr_FR\" \/>\n<meta property=\"og:type\" content=\"article\" \/>\n<meta property=\"og:title\" content=\"Affiliate Disclosure\" \/>\n<meta property=\"og:description\" content=\"In 2015, the Federal Trade Commission released their new rules for Disclosure Compliance. These rules are set in place to ensure that readers or viewers\" \/>\n<meta property=\"og:url\" content=\"https:\/\/theflamingohiker.com\/fr\/affiliate-disclosure\/\" \/>\n<meta property=\"og:site_name\" content=\"The Flamingo Hiker\" \/>\n<meta property=\"article:publisher\" content=\"https:\/\/www.facebook.com\/theflamingohiker\" \/>\n<meta name=\"twitter:card\" content=\"summary_large_image\" \/>\n<meta name=\"twitter:label1\" content=\"Dur\u00e9e de lecture estim\u00e9e\" \/>\n\t<meta name=\"twitter:data1\" content=\"3 minutes\" \/>\n<!-- \/ Yoast SEO Premium plugin. -->","yoast_head_json":{"title":"Divulgation d'affiliation - The Flamingo Hiker","description":"En 2015, la Federal Trade Commission a publi\u00e9 ses nouvelles r\u00e8gles en mati\u00e8re de conformit\u00e9 aux r\u00e8gles de divulgation. Ces r\u00e8gles ont \u00e9t\u00e9 mises en place pour garantir que les lecteurs ou les spectateurs","robots":{"index":"index","follow":"follow","max-snippet":"max-snippet:-1","max-image-preview":"max-image-preview:large","max-video-preview":"max-video-preview:-1"},"canonical":"https:\/\/theflamingohiker.com\/fr\/affiliate-disclosure\/","og_locale":"fr_FR","og_type":"article","og_title":"Affiliate Disclosure","og_description":"In 2015, the Federal Trade Commission released their new rules for Disclosure Compliance. These rules are set in place to ensure that readers or viewers","og_url":"https:\/\/theflamingohiker.com\/fr\/affiliate-disclosure\/","og_site_name":"The Flamingo Hiker","article_publisher":"https:\/\/www.facebook.com\/theflamingohiker","twitter_card":"summary_large_image","twitter_misc":{"Dur\u00e9e de lecture estim\u00e9e":"3 minutes"},"schema":{"@context":"https:\/\/schema.org","@graph":[{"@type":"WebPage","@id":"https:\/\/theflamingohiker.com\/affiliate-disclosure\/","url":"https:\/\/theflamingohiker.com\/affiliate-disclosure\/","name":"Divulgation d'affiliation - The Flamingo Hiker","isPartOf":{"@id":"https:\/\/theflamingohiker.com\/#website"},"datePublished":"2021-04-27T22:20:42+00:00","description":"En 2015, la Federal Trade Commission a publi\u00e9 ses nouvelles r\u00e8gles en mati\u00e8re de conformit\u00e9 aux r\u00e8gles de divulgation. Ces r\u00e8gles ont \u00e9t\u00e9 mises en place pour garantir que les lecteurs ou les spectateurs","breadcrumb":{"@id":"https:\/\/theflamingohiker.com\/affiliate-disclosure\/#breadcrumb"},"inLanguage":"fr-FR","potentialAction":[{"@type":"ReadAction","target":["https:\/\/theflamingohiker.com\/affiliate-disclosure\/"]}]},{"@type":"BreadcrumbList","@id":"https:\/\/theflamingohiker.com\/affiliate-disclosure\/#breadcrumb","itemListElement":[{"@type":"ListItem","position":1,"name":"Home","item":"https:\/\/theflamingohiker.com\/"},{"@type":"ListItem","position":2,"name":"Affiliate Disclosure"}]},{"@type":"WebSite","@id":"https:\/\/theflamingohiker.com\/#website","url":"https:\/\/theflamingohiker.com\/","name":"The Flamingo Hiker","description":"Id\u00e9es de promenades et inspiration pour les Londoniens","publisher":{"@id":"https:\/\/theflamingohiker.com\/#\/schema\/person\/8302f8887a46b9d1d13646c125eaf78c"},"potentialAction":[{"@type":"SearchAction","target":{"@type":"EntryPoint","urlTemplate":"https:\/\/theflamingohiker.com\/?s={search_term_string}"},"query-input":{"@type":"PropertyValueSpecification","valueRequired":true,"valueName":"search_term_string"}}],"inLanguage":"fr-FR"},{"@type":["Person","Organization"],"@id":"https:\/\/theflamingohiker.com\/#\/schema\/person\/8302f8887a46b9d1d13646c125eaf78c","name":"Lily","image":{"@type":"ImageObject","inLanguage":"fr-FR","@id":"https:\/\/i0.wp.com\/theflamingohiker.com\/wp-content\/uploads\/2021\/06\/cropped-Add_a_heading-3-removebg-preview.png?fit=400%2C119&ssl=1","url":"https:\/\/i0.wp.com\/theflamingohiker.com\/wp-content\/uploads\/2021\/06\/cropped-Add_a_heading-3-removebg-preview.png?fit=400%2C119&ssl=1","contentUrl":"https:\/\/i0.wp.com\/theflamingohiker.com\/wp-content\/uploads\/2021\/06\/cropped-Add_a_heading-3-removebg-preview.png?fit=400%2C119&ssl=1","width":400,"height":119,"caption":"Lily"},"logo":{"@id":"https:\/\/i0.wp.com\/theflamingohiker.com\/wp-content\/uploads\/2021\/06\/cropped-Add_a_heading-3-removebg-preview.png?fit=400%2C119&ssl=1"},"sameAs":["https:\/\/www.facebook.com\/theflamingohiker","https:\/\/www.instagram.com\/the_flamingo_hiker_uk\/","https:\/\/www.pinterest.co.uk\/theflamingohiker\/","https:\/\/www.tumblr.com\/blog\/theflamingohiker"]}]}},"featured_image_src":null,"featured_image_src_square":null,"jetpack-related-posts":[],"jetpack_sharing_enabled":true,"_links":{"self":[{"href":"https:\/\/theflamingohiker.com\/fr\/wp-json\/wp\/v2\/pages\/718","targetHints":{"allow":["GET"]}}],"collection":[{"href":"https:\/\/theflamingohiker.com\/fr\/wp-json\/wp\/v2\/pages"}],"about":[{"href":"https:\/\/theflamingohiker.com\/fr\/wp-json\/wp\/v2\/types\/page"}],"author":[{"embeddable":true,"href":"https:\/\/theflamingohiker.com\/fr\/wp-json\/wp\/v2\/users\/1"}],"replies":[{"embeddable":true,"href":"https:\/\/theflamingohiker.com\/fr\/wp-json\/wp\/v2\/comments?post=718"}],"version-history":[{"count":0,"href":"https:\/\/theflamingohiker.com\/fr\/wp-json\/wp\/v2\/pages\/718\/revisions"}],"wp:attachment":[{"href":"https:\/\/theflamingohiker.com\/fr\/wp-json\/wp\/v2\/media?parent=718"}],"curies":[{"name":"wp","href":"https:\/\/api.w.org\/{rel}","templated":true}]}}