{"id":8,"date":"2020-05-27T15:57:19","date_gmt":"2020-05-27T15:57:19","guid":{"rendered":"http:\/\/imported-template\/?page_id=8"},"modified":"2022-04-16T17:33:16","modified_gmt":"2022-04-16T17:33:16","slug":"about-me","status":"publish","type":"page","link":"https:\/\/theflamingohiker.com\/fr\/about-me\/","title":{"rendered":"\u00c0 propos de moi"},"content":{"rendered":"<div class=\"wp-block-image\"><figure class=\"alignright\"><img data-recalc-dims=\"1\" decoding=\"async\" width=\"325\" height=\"427\" src=\"https:\/\/i0.wp.com\/theflamingohiker.com\/wp-content\/uploads\/2021\/04\/Screen-Shot-2021-04-08-at-15.06.54.png?resize=325%2C427&#038;ssl=1\" alt=\"Picture of me before going for a walk in Chiswick Park\" class=\"wp-image-532\" srcset=\"https:\/\/i0.wp.com\/theflamingohiker.com\/wp-content\/uploads\/2021\/04\/Screen-Shot-2021-04-08-at-15.06.54.png?w=325&amp;ssl=1 325w, https:\/\/i0.wp.com\/theflamingohiker.com\/wp-content\/uploads\/2021\/04\/Screen-Shot-2021-04-08-at-15.06.54.png?resize=228%2C300&amp;ssl=1 228w\" sizes=\"(max-width: 325px) 100vw, 325px\" \/><\/figure><\/div>\n\n\n\n<p><span style=\"font-weight: 400;\">Bonjour et bienvenue sur mon blog ! Je m'appelle Lily et je suis une Fran\u00e7aise de 30 ans et plus (je ne donne pas mon \u00e2ge exact, non pas parce que j'ai honte ou que je suis timide, mais parce que je ne veux pas avoir \u00e0 mettre cette page \u00e0 jour chaque ann\u00e9e). J'ai commenc\u00e9 la randonn\u00e9e en 2019 et depuis, je d\u00e9couvre continuellement le Royaume-Uni, une randonn\u00e9e \u00e0 la fois.<\/span><\/p>\n\n\n\n<h3 class=\"wp-block-heading\">Mon histoire<\/h3>\n\n\n\n<p><span style=\"font-weight: 400;\">Je suis arriv\u00e9 au Royaume-Uni en 2012 et pendant sept ans, tous les endroits que je connaissais et que j'avais visit\u00e9s \u00e9taient situ\u00e9s \u00e0 Londres (sauf Brighton par une journ\u00e9e ensoleill\u00e9e, bien s\u00fbr !).<\/span><\/p>\n\n\n\n<p><span style=\"font-weight: 400;\">En 2018, j'ai chang\u00e9 de carri\u00e8re et suis pass\u00e9 d'un travail intense bas\u00e9 sur les quarts \u00e0 la tranquillit\u00e9 d'un horaire de 9h \u00e0 17h. Au d\u00e9but, j'avais l'impression que mon r\u00eave devenait r\u00e9alit\u00e9. Mais j'ai vite r\u00e9alis\u00e9 que m\u00eame si j'avais mes week-ends de libre, je ne savais pas quoi faire.\u00a0<\/span><\/p>\n\n\n\n<p><span style=\"font-weight: 400;\">Ce n'est qu'un an plus tard qu'un ami m'a emmen\u00e9 en randonn\u00e9e pour la premi\u00e8re fois. Pour \u00eatre honn\u00eate avec vous, je n'ai jamais \u00e9t\u00e9 une personne athl\u00e9tique. Malgr\u00e9 avoir essay\u00e9 tant de sports, je me retrouvais souvent \u00e0 \u00eatre nulle ou \u00e0 les d\u00e9tester.<\/span><\/p>\n\n\n\n<p><span style=\"font-weight: 400;\">\u274c Sports d'\u00e9quipe<\/span><br><span style=\"font-weight: 400;\">\u274c Cours de gym<\/span><br><span style=\"font-weight: 400;\">\u274c Golf<\/span><br><span style=\"font-weight: 400;\">\u274c M\u00eame le yoga\u2026<\/span><\/p>\n\n\n\n<div class=\"wp-block-image\"><figure class=\"alignleft\"><img data-recalc-dims=\"1\" decoding=\"async\" width=\"770\" height=\"569\" src=\"https:\/\/i0.wp.com\/theflamingohiker.com\/wp-content\/uploads\/2021\/04\/Screen-Shot-2021-04-08-at-15.23.50.png?resize=770%2C569&#038;ssl=1\" alt=\"Picture of The Flamingo Hiker coming up to Seaford with the Seven Sisters in the background\" class=\"wp-image-533\" srcset=\"https:\/\/i0.wp.com\/theflamingohiker.com\/wp-content\/uploads\/2021\/04\/Screen-Shot-2021-04-08-at-15.23.50.png?w=770&amp;ssl=1 770w, https:\/\/i0.wp.com\/theflamingohiker.com\/wp-content\/uploads\/2021\/04\/Screen-Shot-2021-04-08-at-15.23.50.png?resize=300%2C222&amp;ssl=1 300w, https:\/\/i0.wp.com\/theflamingohiker.com\/wp-content\/uploads\/2021\/04\/Screen-Shot-2021-04-08-at-15.23.50.png?resize=768%2C568&amp;ssl=1 768w\" sizes=\"(max-width: 770px) 100vw, 770px\" \/><\/figure><\/div>\n\n\n\n<p><span style=\"font-weight: 400;\"><\/span><\/p>\n\n\n\n<p><b>Rien n'a march\u00e9 pour moi jusqu'\u00e0 ce jour !<\/b><\/p>\n\n\n\n<p><span style=\"font-weight: 400;\">I<\/span><span style=\"font-weight: 400;\"> je n'arrivais pas \u00e0 croire que non seulement j'aimais \u00eatre dehors (et nous avons eu toutes sortes de temps ce jour-l\u00e0), mais je me d\u00e9brouillais aussi plut\u00f4t bien \u00e9tant donn\u00e9 que c'\u00e9tait 26 km avec pas mal de c\u00f4tes ! Je n'ai vraiment pas choisi une randonn\u00e9e facile pour d\u00e9buter, mais c'\u00e9tait suffisant pour en tomber amoureuse.&nbsp;<\/span><\/p>\n\n\n\n<p><b>Avance rapide de 2 ans\u2026<\/b><\/p>\n\n\n\n<p><span style=\"text-align: justify;\"><span style=\"font-weight: 400;\">\u2705 J'ai rejoint diff\u00e9rents groupes de randonn\u00e9e<\/span><br><span style=\"text-align: justify;\"><span style=\"font-weight: 400;\">\u2705 Je me suis fait de nouveaux amis qui partagent le m\u00eame int\u00e9r\u00eat et gosh, je ne sais pas comment j'aurais surv\u00e9cu au confinement sans nos soir\u00e9es jeux en ligne !<\/span><br><span style=\"text-align: justify;\"><span style=\"font-weight: 400;\">\u2705 Je d\u00e9couvre de nouveaux endroits pr\u00e8s de Londres chaque semaine<\/span><br><span style=\"text-align: justify;\"><span style=\"font-weight: 400;\">J'ai fait des randonn\u00e9es au Royaume-Uni<\/span><\/span><\/span><\/span><\/span><\/p>\n\n\n\n<h3 class=\"wp-block-heading\">Pourquoi je veux aider les gens<\/h3>\n\n\n\n<p><span style=\"font-weight: 400;\">Quand j'ai commenc\u00e9 \u00e0 chercher en ligne des id\u00e9es et de l'inspiration pour des randonn\u00e9es accessibles depuis Londres, j'ai pens\u00e9 que je trouverais une infinit\u00e9 d'options, mais \u00e0 la place, je n'ai rien trouv\u00e9 ! Juste quelques blogueurs de voyage qui, plus probablement, ne sont jamais venus \u00e0 Londres, et un article sur \u201c<\/span><i><span style=\"font-weight: 400;\">se promener dans un parc<\/span><\/i><span style=\"font-weight: 400;\">\u201dstyle de randonn\u00e9es.<\/span><\/p>\n\n\n\n<div class=\"wp-block-image\"><figure class=\"alignright\"><img data-recalc-dims=\"1\" decoding=\"async\" width=\"426\" height=\"564\" src=\"https:\/\/i0.wp.com\/theflamingohiker.com\/wp-content\/uploads\/2021\/04\/Screen-Shot-2021-04-08-at-15.28.44.png?resize=426%2C564&#038;ssl=1\" alt=\"Picture of the Flamingo Hiker during the Henley circular walk\" class=\"wp-image-534\" srcset=\"https:\/\/i0.wp.com\/theflamingohiker.com\/wp-content\/uploads\/2021\/04\/Screen-Shot-2021-04-08-at-15.28.44.png?w=426&amp;ssl=1 426w, https:\/\/i0.wp.com\/theflamingohiker.com\/wp-content\/uploads\/2021\/04\/Screen-Shot-2021-04-08-at-15.28.44.png?resize=227%2C300&amp;ssl=1 227w\" sizes=\"(max-width: 426px) 100vw, 426px\" \/><\/figure><\/div>\n\n\n\n<h3 class=\"wp-block-heading\">Le But De Mon Site<\/h3>\n\n\n\n<p><span style=\"font-weight: 400;\">J'ai lanc\u00e9 ce blog pour partager mes randonn\u00e9es \u00e0 Londres et dans ses environs. J'esp\u00e8re que cela vous inspirera \u00e0 mettre vos chaussures de marche et \u00e0 partir sur les sentiers.<\/span><\/p>\n\n\n\n<p>J'ai parcouru le chemin pour que vous puissiez faire de m\u00eame. Que vous pr\u00e9f\u00e9riez rejoindre un groupe de randonn\u00e9e pour faire les m\u00eames promenades que j'ai publi\u00e9es ou que vous souhaitiez le faire par vous-m\u00eame, vous trouverez toutes les ressources dont vous aurez besoin sur ce blog.<\/p>\n\n\n\n<p><span style=\"font-weight: 400;\">Si vous avez besoin d'aide ou si vous avez des questions, n'h\u00e9sitez pas \u00e0 les laisser ci-dessous et je serai plus qu'heureux de vous aider.<\/span><\/p>\n\n\n\n<p><span style=\"font-weight: 400;\">Allons \u00e0 l'aventure !<\/span><\/p>\n\n\n\n<p><span style=\"font-weight: 400;\">Lys,<br><span style=\"font-weight: 400;\">The Flamingo Hiker<\/span><\/span><\/p>\n\n\n\n<p><b>PS 1 : N'oubliez pas de vous abonner \u00e0 ma newsletter pour plus de voyages et d'astuces \u2709\ufe0f<\/b><br><span style=\"text-align: justify;\"><b>PS 2 : Flamant rose ? Parce que je suis toujours habill\u00e9 en rose<\/b><span style=\"font-weight: 400;\">\ud83d\udc95<\/span><\/span><\/p>\n<p><a href=\"\/\/www.pinterest.com\/pin\/create\/button\/\" data-pin-do=\"buttonBookmark\" data-pin-color=\"red\" data-pin-height=\"128\"><img data-recalc-dims=\"1\" decoding=\"async\" src=\"https:\/\/i0.wp.com\/assets.pinterest.com\/images\/pidgets\/pinit_fg_en_rect_red_28.png\" \/><\/a><\/p>","protected":false},"excerpt":{"rendered":"<p>Bonjour and welcome to my blog! My name is Lily and I am a 30+-year-old Frenchy (I am not putting my exact age, not because I am shy or ashamed but because I don&#8217;t want to have to update this page every year). I started hiking in 2019 and since then I have been continuously [&hellip;]<\/p>\n","protected":false},"author":1,"featured_media":1150,"parent":0,"menu_order":0,"comment_status":"closed","ping_status":"closed","template":"page-templates\/blocks.php","meta":{"nf_dc_page":"","wprm-recipe-roundup-name":"","wprm-recipe-roundup-description":"","_genesis_hide_title":false,"_genesis_hide_breadcrumbs":false,"_genesis_hide_singular_image":false,"_genesis_hide_footer_widgets":false,"_genesis_custom_body_class":"","_genesis_custom_post_class":"","_genesis_layout":"","footnotes":""},"class_list":["post-8","page","type-page","status-publish","has-post-thumbnail","entry"],"yoast_head":"<!-- This site is optimized with the Yoast SEO Premium plugin v27.6 (Yoast SEO v27.6) - https:\/\/yoast.com\/product\/yoast-seo-premium-wordpress\/ -->\n<title>About Me - The Flamingo Hiker<\/title>\n<meta name=\"description\" content=\"Bonjour and welcome to my blog! My name is Lily and I am a 30+-year-old Frenchy (I am not putting my exact age, not because I am shy or ashamed but\" \/>\n<meta name=\"robots\" content=\"index, follow, max-snippet:-1, max-image-preview:large, max-video-preview:-1\" \/>\n<link rel=\"canonical\" href=\"https:\/\/theflamingohiker.com\/fr\/about-me\/\" \/>\n<meta property=\"og:locale\" content=\"fr_FR\" \/>\n<meta property=\"og:type\" content=\"article\" \/>\n<meta property=\"og:title\" content=\"About Me\" \/>\n<meta property=\"og:description\" content=\"Bonjour and welcome to my blog! My name is Lily and I am a 30+-year-old Frenchy (I am not putting my exact age, not because I am shy or ashamed but\" \/>\n<meta property=\"og:url\" content=\"https:\/\/theflamingohiker.com\/fr\/about-me\/\" \/>\n<meta property=\"og:site_name\" content=\"The Flamingo Hiker\" \/>\n<meta property=\"article:publisher\" content=\"https:\/\/www.facebook.com\/theflamingohiker\" \/>\n<meta property=\"article:modified_time\" content=\"2022-04-16T17:33:16+00:00\" \/>\n<meta property=\"og:image\" content=\"https:\/\/theflamingohiker.com\/wp-content\/uploads\/2021\/06\/Screenshot-2021-06-12-at-15.34.34-e1642461640100.png\" \/>\n\t<meta property=\"og:image:width\" content=\"1032\" \/>\n\t<meta property=\"og:image:height\" content=\"601\" \/>\n\t<meta property=\"og:image:type\" content=\"image\/png\" \/>\n<meta name=\"twitter:card\" content=\"summary_large_image\" \/>\n<meta name=\"twitter:label1\" content=\"Dur\u00e9e de lecture estim\u00e9e\" \/>\n\t<meta name=\"twitter:data1\" content=\"3 minutes\" \/>\n<!-- \/ Yoast SEO Premium plugin. -->","yoast_head_json":{"title":"About Me - The Flamingo Hiker","description":"Bonjour and welcome to my blog! My name is Lily and I am a 30+-year-old Frenchy (I am not putting my exact age, not because I am shy or ashamed but","robots":{"index":"index","follow":"follow","max-snippet":"max-snippet:-1","max-image-preview":"max-image-preview:large","max-video-preview":"max-video-preview:-1"},"canonical":"https:\/\/theflamingohiker.com\/fr\/about-me\/","og_locale":"fr_FR","og_type":"article","og_title":"About Me","og_description":"Bonjour and welcome to my blog! My name is Lily and I am a 30+-year-old Frenchy (I am not putting my exact age, not because I am shy or ashamed but","og_url":"https:\/\/theflamingohiker.com\/fr\/about-me\/","og_site_name":"The Flamingo Hiker","article_publisher":"https:\/\/www.facebook.com\/theflamingohiker","article_modified_time":"2022-04-16T17:33:16+00:00","og_image":[{"width":1032,"height":601,"url":"https:\/\/theflamingohiker.com\/wp-content\/uploads\/2021\/06\/Screenshot-2021-06-12-at-15.34.34-e1642461640100.png","type":"image\/png"}],"twitter_card":"summary_large_image","twitter_misc":{"Dur\u00e9e de lecture estim\u00e9e":"3 minutes"},"schema":{"@context":"https:\/\/schema.org","@graph":[{"@type":"WebPage","@id":"https:\/\/theflamingohiker.com\/about-me\/","url":"https:\/\/theflamingohiker.com\/about-me\/","name":"About Me - The Flamingo Hiker","isPartOf":{"@id":"https:\/\/theflamingohiker.com\/#website"},"primaryImageOfPage":{"@id":"https:\/\/theflamingohiker.com\/about-me\/#primaryimage"},"image":{"@id":"https:\/\/theflamingohiker.com\/about-me\/#primaryimage"},"thumbnailUrl":"https:\/\/i0.wp.com\/theflamingohiker.com\/wp-content\/uploads\/2021\/06\/Screenshot-2021-06-12-at-15.34.34-e1642461640100.png?fit=1032%2C601&ssl=1","datePublished":"2020-05-27T15:57:19+00:00","dateModified":"2022-04-16T17:33:16+00:00","description":"Bonjour and welcome to my blog! My name is Lily and I am a 30+-year-old Frenchy (I am not putting my exact age, not because I am shy or ashamed but","breadcrumb":{"@id":"https:\/\/theflamingohiker.com\/about-me\/#breadcrumb"},"inLanguage":"fr-FR","potentialAction":[{"@type":"ReadAction","target":["https:\/\/theflamingohiker.com\/about-me\/"]}]},{"@type":"ImageObject","inLanguage":"fr-FR","@id":"https:\/\/theflamingohiker.com\/about-me\/#primaryimage","url":"https:\/\/i0.wp.com\/theflamingohiker.com\/wp-content\/uploads\/2021\/06\/Screenshot-2021-06-12-at-15.34.34-e1642461640100.png?fit=1032%2C601&ssl=1","contentUrl":"https:\/\/i0.wp.com\/theflamingohiker.com\/wp-content\/uploads\/2021\/06\/Screenshot-2021-06-12-at-15.34.34-e1642461640100.png?fit=1032%2C601&ssl=1","width":1032,"height":601},{"@type":"BreadcrumbList","@id":"https:\/\/theflamingohiker.com\/about-me\/#breadcrumb","itemListElement":[{"@type":"ListItem","position":1,"name":"Home","item":"https:\/\/theflamingohiker.com\/"},{"@type":"ListItem","position":2,"name":"About Me"}]},{"@type":"WebSite","@id":"https:\/\/theflamingohiker.com\/#website","url":"https:\/\/theflamingohiker.com\/","name":"The Flamingo Hiker","description":"Id\u00e9es de promenades et inspiration pour les Londoniens","publisher":{"@id":"https:\/\/theflamingohiker.com\/#\/schema\/person\/8302f8887a46b9d1d13646c125eaf78c"},"potentialAction":[{"@type":"SearchAction","target":{"@type":"EntryPoint","urlTemplate":"https:\/\/theflamingohiker.com\/?s={search_term_string}"},"query-input":{"@type":"PropertyValueSpecification","valueRequired":true,"valueName":"search_term_string"}}],"inLanguage":"fr-FR"},{"@type":["Person","Organization"],"@id":"https:\/\/theflamingohiker.com\/#\/schema\/person\/8302f8887a46b9d1d13646c125eaf78c","name":"Lily","image":{"@type":"ImageObject","inLanguage":"fr-FR","@id":"https:\/\/i0.wp.com\/theflamingohiker.com\/wp-content\/uploads\/2021\/06\/cropped-Add_a_heading-3-removebg-preview.png?fit=400%2C119&ssl=1","url":"https:\/\/i0.wp.com\/theflamingohiker.com\/wp-content\/uploads\/2021\/06\/cropped-Add_a_heading-3-removebg-preview.png?fit=400%2C119&ssl=1","contentUrl":"https:\/\/i0.wp.com\/theflamingohiker.com\/wp-content\/uploads\/2021\/06\/cropped-Add_a_heading-3-removebg-preview.png?fit=400%2C119&ssl=1","width":400,"height":119,"caption":"Lily"},"logo":{"@id":"https:\/\/i0.wp.com\/theflamingohiker.com\/wp-content\/uploads\/2021\/06\/cropped-Add_a_heading-3-removebg-preview.png?fit=400%2C119&ssl=1"},"sameAs":["https:\/\/www.facebook.com\/theflamingohiker","https:\/\/www.instagram.com\/the_flamingo_hiker_uk\/","https:\/\/www.pinterest.co.uk\/theflamingohiker\/","https:\/\/www.tumblr.com\/blog\/theflamingohiker"]}]}},"featured_image_src":"https:\/\/i0.wp.com\/theflamingohiker.com\/wp-content\/uploads\/2021\/06\/Screenshot-2021-06-12-at-15.34.34-e1642461640100.png?resize=600%2C400&ssl=1","featured_image_src_square":"https:\/\/i0.wp.com\/theflamingohiker.com\/wp-content\/uploads\/2021\/06\/Screenshot-2021-06-12-at-15.34.34-e1642461640100.png?resize=600%2C600&ssl=1","jetpack-related-posts":[],"jetpack_sharing_enabled":true,"_links":{"self":[{"href":"https:\/\/theflamingohiker.com\/fr\/wp-json\/wp\/v2\/pages\/8","targetHints":{"allow":["GET"]}}],"collection":[{"href":"https:\/\/theflamingohiker.com\/fr\/wp-json\/wp\/v2\/pages"}],"about":[{"href":"https:\/\/theflamingohiker.com\/fr\/wp-json\/wp\/v2\/types\/page"}],"author":[{"embeddable":true,"href":"https:\/\/theflamingohiker.com\/fr\/wp-json\/wp\/v2\/users\/1"}],"replies":[{"embeddable":true,"href":"https:\/\/theflamingohiker.com\/fr\/wp-json\/wp\/v2\/comments?post=8"}],"version-history":[{"count":1,"href":"https:\/\/theflamingohiker.com\/fr\/wp-json\/wp\/v2\/pages\/8\/revisions"}],"predecessor-version":[{"id":4130,"href":"https:\/\/theflamingohiker.com\/fr\/wp-json\/wp\/v2\/pages\/8\/revisions\/4130"}],"wp:featuredmedia":[{"embeddable":true,"href":"https:\/\/theflamingohiker.com\/fr\/wp-json\/wp\/v2\/media\/1150"}],"wp:attachment":[{"href":"https:\/\/theflamingohiker.com\/fr\/wp-json\/wp\/v2\/media?parent=8"}],"curies":[{"name":"wp","href":"https:\/\/api.w.org\/{rel}","templated":true}]}}