{"id":963,"date":"2021-05-25T21:11:08","date_gmt":"2021-05-25T21:11:08","guid":{"rendered":"https:\/\/theflamingohiker.com\/live-the-life-you-deserve\/"},"modified":"2025-01-19T15:37:21","modified_gmt":"2025-01-19T15:37:21","slug":"live-the-life-you-deserve","status":"publish","type":"page","link":"https:\/\/theflamingohiker.com\/fr\/","title":{"rendered":"Id\u00e9es de Promenades et Inspiration pour les Londoniens"},"content":{"rendered":"\n<div class=\"nfd-container nfd-wb-features__features-26 wp-block-group alignfull\" style=\"padding-top:32px;padding-right:32px;padding-bottom:32px;padding-left:32px\"><div class=\"wp-block-group__inner-container is-layout-flow wp-block-group-is-layout-flow\">\n<div class=\"nfd-container nfd-p-lg nfd-bg-surface nfd-theme-light is-style-nfd-theme-light wp-block-group\"><div class=\"wp-block-group__inner-container is-layout-constrained wp-block-group-is-layout-constrained\">\n<div class=\"nfd-gap-3xl wp-block-columns are-vertically-aligned-center is-layout-flex wp-container-core-columns-is-layout-9d6595d7 wp-block-columns-is-layout-flex\">\n<div class=\"wp-block-column is-vertically-aligned-center is-layout-flow wp-block-column-is-layout-flow\">\n<h2 class=\"nfd-text-huge nfd-text-contrast nfd-text-balance wp-block-heading\" id=\"h-check-out-our-latest-walks\">Check Out Our Latest Walks<\/h2>\n<\/div>\n\n\n\n<div class=\"wp-block-column is-vertically-aligned-center is-layout-flow wp-block-column-is-layout-flow\" style=\"flex-basis:400px\">\n<p class=\"nfd-text-md nfd-text-balance\">Discover our top-rated hiking guides and free GPS maps, making it easy to explore the best trails near London.<\/p>\n<\/div>\n<\/div>\n\n\n\n<div style=\"height:40px\" aria-hidden=\"true\" class=\"wp-block-spacer\"><\/div>\n\n\n\n<div class=\"nfd-gap-lg wp-block-columns alignwide is-layout-flex wp-container-core-columns-is-layout-9d6595d7 wp-block-columns-is-layout-flex\">\n<div class=\"wp-block-column is-layout-flow wp-block-column-is-layout-flow\"><article class=\"gb-block-post-grid featuredpost aligncenter\"><div class=\"gb-post-grid-items is-grid columns-1\"><article id=\"post-10256\" class=\"gb-post-grid-item post-10256 post type-post status-publish format-standard has-post-thumbnail category-walks-in-kent category-walks-near-london tag-easy-walks entry\"><div class=\"gb-block-post-grid-image\"><a href=\"https:\/\/theflamingohiker.com\/fr\/sandwich-to-deal-walk\/\" rel=\"bookmark\" aria-hidden=\"true\" tabindex=\"-1\"><img decoding=\"async\" width=\"1200\" height=\"628\" src=\"https:\/\/i0.wp.com\/theflamingohiker.com\/wp-content\/uploads\/2026\/05\/Sandwich-to-Deal-Walk-featured-2.jpg?fit=1200%2C628&amp;ssl=1\" class=\"attachment-full size-full\" alt=\"Sandwich to Deal Walk - view of the bay with a wooden pontoon going into the sea\" srcset=\"https:\/\/i0.wp.com\/theflamingohiker.com\/wp-content\/uploads\/2026\/05\/Sandwich-to-Deal-Walk-featured-2.jpg?w=1200&amp;ssl=1 1200w, https:\/\/i0.wp.com\/theflamingohiker.com\/wp-content\/uploads\/2026\/05\/Sandwich-to-Deal-Walk-featured-2.jpg?resize=300%2C157&amp;ssl=1 300w, https:\/\/i0.wp.com\/theflamingohiker.com\/wp-content\/uploads\/2026\/05\/Sandwich-to-Deal-Walk-featured-2.jpg?resize=1024%2C536&amp;ssl=1 1024w, https:\/\/i0.wp.com\/theflamingohiker.com\/wp-content\/uploads\/2026\/05\/Sandwich-to-Deal-Walk-featured-2.jpg?resize=768%2C402&amp;ssl=1 768w\" sizes=\"(max-width: 1000px) 100vw, 1000px\" \/><\/a><\/div><div class=\"gb-block-post-grid-text\"><header class=\"gb-block-post-grid-header\"><h2 class=\"gb-block-post-grid-title\"><a href=\"https:\/\/theflamingohiker.com\/fr\/sandwich-to-deal-walk\/\" rel=\"bookmark\">Sandwich to Deal Walk [Complete Guide + Map]<\/a><\/h2><div class=\"gb-block-post-grid-byline\"><div class=\"gb-block-post-grid-author\" itemprop=\"author\" itemtype=\"https:\/\/schema.org\/Person\"><a class=\"gb-text-link\" href=\"https:\/\/theflamingohiker.com\/fr\/author\/aurelie-tocqueville\/\" itemprop=\"url\" rel=\"author\"><span itemprop=\"name\">Lily<\/span><\/a><\/div><time datetime=\"2026-05-10T14:47:50+00:00\" class=\"gb-block-post-grid-date\" itemprop=\"datePublished\">10 mai 2026<\/time><\/div><\/header><div class=\"gb-block-post-grid-excerpt\"><p>The Sandwich to Deal Walk is an easy coastal walk in Kent with highlights such as sea views, medieval history, Sandwich Bay, and Deal Pier.<\/p>\n<p><a class=\"gb-block-post-grid-more-link gb-text-link\" href=\"https:\/\/theflamingohiker.com\/fr\/sandwich-to-deal-walk\/\" rel=\"bookmark\">Continue Reading <span class=\"screen-reader-text\">Sandwich to Deal Walk [Complete Guide + Map]<\/span><\/a><\/p><\/div><\/div><\/article>\n<\/div><\/article><\/div>\n\n\n\n<div class=\"wp-block-column is-layout-flow wp-block-column-is-layout-flow\"><article class=\"gb-block-post-grid featuredpost aligncenter\"><div class=\"gb-post-grid-items is-grid columns-1\"><article id=\"post-10180\" class=\"gb-post-grid-item post-10180 post type-post status-publish format-standard has-post-thumbnail category-walks-in-berkshire category-walks-near-london entry\"><div class=\"gb-block-post-grid-image\"><a href=\"https:\/\/theflamingohiker.com\/fr\/hungerford-to-newbury-walk\/\" rel=\"bookmark\" aria-hidden=\"true\" tabindex=\"-1\"><img decoding=\"async\" width=\"1200\" height=\"628\" src=\"https:\/\/i0.wp.com\/theflamingohiker.com\/wp-content\/uploads\/2026\/04\/Hungerford-to-Newbury-Walk-feature-2.jpg?fit=1200%2C628&amp;ssl=1\" class=\"attachment-full size-full\" alt=\"Hungerford to Newbury Walk- bridge over the canal\" srcset=\"https:\/\/i0.wp.com\/theflamingohiker.com\/wp-content\/uploads\/2026\/04\/Hungerford-to-Newbury-Walk-feature-2.jpg?w=1200&amp;ssl=1 1200w, https:\/\/i0.wp.com\/theflamingohiker.com\/wp-content\/uploads\/2026\/04\/Hungerford-to-Newbury-Walk-feature-2.jpg?resize=300%2C157&amp;ssl=1 300w, https:\/\/i0.wp.com\/theflamingohiker.com\/wp-content\/uploads\/2026\/04\/Hungerford-to-Newbury-Walk-feature-2.jpg?resize=1024%2C536&amp;ssl=1 1024w, https:\/\/i0.wp.com\/theflamingohiker.com\/wp-content\/uploads\/2026\/04\/Hungerford-to-Newbury-Walk-feature-2.jpg?resize=768%2C402&amp;ssl=1 768w, https:\/\/i0.wp.com\/theflamingohiker.com\/wp-content\/uploads\/2026\/04\/Hungerford-to-Newbury-Walk-feature-2.jpg?resize=18%2C9&amp;ssl=1 18w\" sizes=\"(max-width: 1000px) 100vw, 1000px\" \/><\/a><\/div><div class=\"gb-block-post-grid-text\"><header class=\"gb-block-post-grid-header\"><h2 class=\"gb-block-post-grid-title\"><a href=\"https:\/\/theflamingohiker.com\/fr\/hungerford-to-newbury-walk\/\" rel=\"bookmark\">Hungerford to Newbury Walk [Guide + Free Map]<\/a><\/h2><div class=\"gb-block-post-grid-byline\"><div class=\"gb-block-post-grid-author\" itemprop=\"author\" itemtype=\"https:\/\/schema.org\/Person\"><a class=\"gb-text-link\" href=\"https:\/\/theflamingohiker.com\/fr\/author\/aurelie-tocqueville\/\" itemprop=\"url\" rel=\"author\"><span itemprop=\"name\">Lily<\/span><\/a><\/div><time datetime=\"2026-04-05T18:11:21+00:00\" class=\"gb-block-post-grid-date\" itemprop=\"datePublished\">5 avril 2026<\/time><\/div><\/header><div class=\"gb-block-post-grid-excerpt\"><p>Follow the peaceful towpath of the Kennet and Avon Canal on this easy walk between Hungerford and Newbury. <\/p>\n<p><a class=\"gb-block-post-grid-more-link gb-text-link\" href=\"https:\/\/theflamingohiker.com\/fr\/hungerford-to-newbury-walk\/\" rel=\"bookmark\">Continue Reading <span class=\"screen-reader-text\">Hungerford to Newbury Walk [Guide + Free Map]<\/span><\/a><\/p><\/div><\/div><\/article>\n<\/div><\/article><\/div>\n\n\n\n<div class=\"wp-block-column is-layout-flow wp-block-column-is-layout-flow\"><article class=\"gb-block-post-grid featuredpost aligncenter\"><div class=\"gb-post-grid-items is-grid columns-1\"><article id=\"post-10098\" class=\"gb-post-grid-item post-10098 post type-post status-publish format-standard has-post-thumbnail category-walks-in-somerset category-walks-near-london tag-easy-walks tag-hill-walks entry\"><div class=\"gb-block-post-grid-image\"><a href=\"https:\/\/theflamingohiker.com\/fr\/bath-skyline-walk\/\" rel=\"bookmark\" aria-hidden=\"true\" tabindex=\"-1\"><img decoding=\"async\" width=\"1200\" height=\"628\" src=\"https:\/\/i0.wp.com\/theflamingohiker.com\/wp-content\/uploads\/2026\/02\/Bath-Skyline-Walk-Smallcombe.jpg?fit=1200%2C628&amp;ssl=1\" class=\"attachment-full size-full\" alt=\"Bath Skyline Walk - Rolling hills of Smallcombe\" srcset=\"https:\/\/i0.wp.com\/theflamingohiker.com\/wp-content\/uploads\/2026\/02\/Bath-Skyline-Walk-Smallcombe.jpg?w=1200&amp;ssl=1 1200w, https:\/\/i0.wp.com\/theflamingohiker.com\/wp-content\/uploads\/2026\/02\/Bath-Skyline-Walk-Smallcombe.jpg?resize=300%2C157&amp;ssl=1 300w, https:\/\/i0.wp.com\/theflamingohiker.com\/wp-content\/uploads\/2026\/02\/Bath-Skyline-Walk-Smallcombe.jpg?resize=1024%2C536&amp;ssl=1 1024w, https:\/\/i0.wp.com\/theflamingohiker.com\/wp-content\/uploads\/2026\/02\/Bath-Skyline-Walk-Smallcombe.jpg?resize=768%2C402&amp;ssl=1 768w, https:\/\/i0.wp.com\/theflamingohiker.com\/wp-content\/uploads\/2026\/02\/Bath-Skyline-Walk-Smallcombe.jpg?resize=18%2C9&amp;ssl=1 18w\" sizes=\"(max-width: 1000px) 100vw, 1000px\" \/><\/a><\/div><div class=\"gb-block-post-grid-text\"><header class=\"gb-block-post-grid-header\"><h2 class=\"gb-block-post-grid-title\"><a href=\"https:\/\/theflamingohiker.com\/fr\/bath-skyline-walk\/\" rel=\"bookmark\">Bath Skyline Walk [Complete Guide &amp; Free Map]<\/a><\/h2><div class=\"gb-block-post-grid-byline\"><div class=\"gb-block-post-grid-author\" itemprop=\"author\" itemtype=\"https:\/\/schema.org\/Person\"><a class=\"gb-text-link\" href=\"https:\/\/theflamingohiker.com\/fr\/author\/aurelie-tocqueville\/\" itemprop=\"url\" rel=\"author\"><span itemprop=\"name\">Lily<\/span><\/a><\/div><time datetime=\"2026-02-18T21:53:57+00:00\" class=\"gb-block-post-grid-date\" itemprop=\"datePublished\">18 f\u00e9vrier 2026<\/time><\/div><\/header><div class=\"gb-block-post-grid-excerpt\"><p>New Bath Skyline Walk guide: a 12 km circular hike above the city with epic views, historic landscapes, and easy access from the train.<\/p>\n<p><a class=\"gb-block-post-grid-more-link gb-text-link\" href=\"https:\/\/theflamingohiker.com\/fr\/bath-skyline-walk\/\" rel=\"bookmark\">Continue Reading <span class=\"screen-reader-text\">Bath Skyline Walk [Complete Guide &amp; Free Map]<\/span><\/a><\/p><\/div><\/div><\/article>\n<\/div><\/article><\/div>\n<\/div>\n<\/div><\/div>\n<\/div><\/div>\n\n\n\n<p class=\"\"><\/p>\n<p><a href=\"\/\/www.pinterest.com\/pin\/create\/button\/\" data-pin-do=\"buttonBookmark\" data-pin-color=\"red\" data-pin-height=\"128\"><img data-recalc-dims=\"1\" decoding=\"async\" src=\"https:\/\/i0.wp.com\/assets.pinterest.com\/images\/pidgets\/pinit_fg_en_rect_red_28.png\" \/><\/a><\/p>","protected":false},"excerpt":{"rendered":"<p>Check Out Our Latest Walks Discover our top-rated hiking guides and free GPS maps, making it easy to explore the best trails near London.<\/p>","protected":false},"author":1,"featured_media":0,"parent":0,"menu_order":0,"comment_status":"closed","ping_status":"closed","template":"page-templates\/blocks.php","meta":{"nf_dc_page":"","wprm-recipe-roundup-name":"","wprm-recipe-roundup-description":"","_genesis_hide_title":false,"_genesis_hide_breadcrumbs":false,"_genesis_hide_singular_image":false,"_genesis_hide_footer_widgets":false,"_genesis_custom_body_class":"","_genesis_custom_post_class":"","_genesis_layout":"","footnotes":""},"class_list":["post-963","page","type-page","status-publish","entry"],"yoast_head":"<!-- This site is optimized with the Yoast SEO Premium plugin v27.6 (Yoast SEO v27.6) - https:\/\/yoast.com\/product\/yoast-seo-premium-wordpress\/ -->\n<title>Walks Ideas &amp; Inspiration for Londoners - The Flamingo Hiker<\/title>\n<meta name=\"description\" content=\"Check Out Our Latest Walks   Discover our top-rated hiking guides and free GPS maps, making it easy to explore the best trails near London.\" \/>\n<meta name=\"robots\" content=\"index, follow, max-snippet:-1, max-image-preview:large, max-video-preview:-1\" \/>\n<link rel=\"canonical\" href=\"https:\/\/theflamingohiker.com\/fr\/\" \/>\n<meta property=\"og:locale\" content=\"fr_FR\" \/>\n<meta property=\"og:type\" content=\"article\" \/>\n<meta property=\"og:title\" content=\"Walks Ideas &amp; Inspiration for Londoners\" \/>\n<meta property=\"og:description\" content=\"Check Out Our Latest Walks   Discover our top-rated hiking guides and free GPS maps, making it easy to explore the best trails near London.\" \/>\n<meta property=\"og:url\" content=\"https:\/\/theflamingohiker.com\/fr\/\" \/>\n<meta property=\"og:site_name\" content=\"The Flamingo Hiker\" \/>\n<meta property=\"article:publisher\" content=\"https:\/\/www.facebook.com\/theflamingohiker\" \/>\n<meta property=\"article:modified_time\" content=\"2025-01-19T15:37:21+00:00\" \/>\n<meta name=\"twitter:card\" content=\"summary_large_image\" \/>\n<meta name=\"twitter:label1\" content=\"Dur\u00e9e de lecture estim\u00e9e\" \/>\n\t<meta name=\"twitter:data1\" content=\"1 minute\" \/>\n<!-- \/ Yoast SEO Premium plugin. -->","yoast_head_json":{"title":"Id\u00e9es de promenades et inspiration pour les Londoniens - The Flamingo Hiker","description":"D\u00e9couvrez nos derni\u00e8res promenades D\u00e9couvrez nos guides de randonn\u00e9e les mieux not\u00e9s et nos cartes GPS gratuites, qui facilitent l'exploration des meilleurs sentiers pr\u00e8s de Londres.","robots":{"index":"index","follow":"follow","max-snippet":"max-snippet:-1","max-image-preview":"max-image-preview:large","max-video-preview":"max-video-preview:-1"},"canonical":"https:\/\/theflamingohiker.com\/fr\/","og_locale":"fr_FR","og_type":"article","og_title":"Walks Ideas & Inspiration for Londoners","og_description":"Check Out Our Latest Walks   Discover our top-rated hiking guides and free GPS maps, making it easy to explore the best trails near London.","og_url":"https:\/\/theflamingohiker.com\/fr\/","og_site_name":"The Flamingo Hiker","article_publisher":"https:\/\/www.facebook.com\/theflamingohiker","article_modified_time":"2025-01-19T15:37:21+00:00","twitter_card":"summary_large_image","twitter_misc":{"Dur\u00e9e de lecture estim\u00e9e":"1 minute"},"schema":{"@context":"https:\/\/schema.org","@graph":[{"@type":"WebPage","@id":"https:\/\/theflamingohiker.com\/","url":"https:\/\/theflamingohiker.com\/","name":"Id\u00e9es de promenades et inspiration pour les Londoniens - The Flamingo Hiker","isPartOf":{"@id":"https:\/\/theflamingohiker.com\/#website"},"datePublished":"2021-05-25T21:11:08+00:00","dateModified":"2025-01-19T15:37:21+00:00","description":"Check Out Our Latest Walks Discover our top-rated hiking guides and free GPS maps, making it easy to explore the best trails near London.","breadcrumb":{"@id":"https:\/\/theflamingohiker.com\/#breadcrumb"},"inLanguage":"fr-FR","potentialAction":[{"@type":"ReadAction","target":["https:\/\/theflamingohiker.com\/"]}]},{"@type":"BreadcrumbList","@id":"https:\/\/theflamingohiker.com\/#breadcrumb","itemListElement":[{"@type":"ListItem","position":1,"name":"Home","item":"https:\/\/theflamingohiker.com\/"},{"@type":"ListItem","position":2,"name":"Walks Ideas &#038; Inspiration for Londoners"}]},{"@type":"WebSite","@id":"https:\/\/theflamingohiker.com\/#website","url":"https:\/\/theflamingohiker.com\/","name":"The Flamingo Hiker","description":"Id\u00e9es de promenades et inspiration pour les Londoniens","publisher":{"@id":"https:\/\/theflamingohiker.com\/#\/schema\/person\/8302f8887a46b9d1d13646c125eaf78c"},"potentialAction":[{"@type":"SearchAction","target":{"@type":"EntryPoint","urlTemplate":"https:\/\/theflamingohiker.com\/?s={search_term_string}"},"query-input":{"@type":"PropertyValueSpecification","valueRequired":true,"valueName":"search_term_string"}}],"inLanguage":"fr-FR"},{"@type":["Person","Organization"],"@id":"https:\/\/theflamingohiker.com\/#\/schema\/person\/8302f8887a46b9d1d13646c125eaf78c","name":"Lily","image":{"@type":"ImageObject","inLanguage":"fr-FR","@id":"https:\/\/i0.wp.com\/theflamingohiker.com\/wp-content\/uploads\/2021\/06\/cropped-Add_a_heading-3-removebg-preview.png?fit=400%2C119&ssl=1","url":"https:\/\/i0.wp.com\/theflamingohiker.com\/wp-content\/uploads\/2021\/06\/cropped-Add_a_heading-3-removebg-preview.png?fit=400%2C119&ssl=1","contentUrl":"https:\/\/i0.wp.com\/theflamingohiker.com\/wp-content\/uploads\/2021\/06\/cropped-Add_a_heading-3-removebg-preview.png?fit=400%2C119&ssl=1","width":400,"height":119,"caption":"Lily"},"logo":{"@id":"https:\/\/i0.wp.com\/theflamingohiker.com\/wp-content\/uploads\/2021\/06\/cropped-Add_a_heading-3-removebg-preview.png?fit=400%2C119&ssl=1"},"sameAs":["https:\/\/www.facebook.com\/theflamingohiker","https:\/\/www.instagram.com\/the_flamingo_hiker_uk\/","https:\/\/www.pinterest.co.uk\/theflamingohiker\/","https:\/\/www.tumblr.com\/blog\/theflamingohiker"]}]}},"featured_image_src":null,"featured_image_src_square":null,"jetpack-related-posts":[],"jetpack_sharing_enabled":true,"_links":{"self":[{"href":"https:\/\/theflamingohiker.com\/fr\/wp-json\/wp\/v2\/pages\/963","targetHints":{"allow":["GET"]}}],"collection":[{"href":"https:\/\/theflamingohiker.com\/fr\/wp-json\/wp\/v2\/pages"}],"about":[{"href":"https:\/\/theflamingohiker.com\/fr\/wp-json\/wp\/v2\/types\/page"}],"author":[{"embeddable":true,"href":"https:\/\/theflamingohiker.com\/fr\/wp-json\/wp\/v2\/users\/1"}],"replies":[{"embeddable":true,"href":"https:\/\/theflamingohiker.com\/fr\/wp-json\/wp\/v2\/comments?post=963"}],"version-history":[{"count":4,"href":"https:\/\/theflamingohiker.com\/fr\/wp-json\/wp\/v2\/pages\/963\/revisions"}],"predecessor-version":[{"id":9554,"href":"https:\/\/theflamingohiker.com\/fr\/wp-json\/wp\/v2\/pages\/963\/revisions\/9554"}],"wp:attachment":[{"href":"https:\/\/theflamingohiker.com\/fr\/wp-json\/wp\/v2\/media?parent=963"}],"curies":[{"name":"wp","href":"https:\/\/api.w.org\/{rel}","templated":true}]}}